{"id":192,"date":"2021-03-17T23:50:07","date_gmt":"2021-03-17T16:50:07","guid":{"rendered":"http:\/\/www.i-am-jollyjoker.com\/blog\/?page_id=192"},"modified":"2021-03-17T23:50:11","modified_gmt":"2021-03-17T16:50:11","slug":"kenh-youtube","status":"publish","type":"page","link":"https:\/\/www.i-am-jollyjoker.com\/blog\/kenh-youtube\/","title":{"rendered":"K\u00eanh Youtube"},"content":{"rendered":"<div class=\"epyt-gallery\" data-currpage=\"1\" id=\"epyt_gallery_38417\"><div class=\"epyt-video-wrapper\"><iframe loading=\"lazy\"  id=\"_ytid_93155\"  width=\"640\" height=\"360\"  data-origwidth=\"640\" data-origheight=\"360\" src=\"https:\/\/www.youtube.com\/embed\/GsYkY1eHsTE?enablejsapi=1&#038;autoplay=0&#038;cc_load_policy=0&#038;cc_lang_pref=&#038;iv_load_policy=1&#038;loop=0&#038;modestbranding=0&#038;rel=0&#038;fs=1&#038;playsinline=0&#038;autohide=2&#038;theme=dark&#038;color=red&#038;controls=1&#038;\" class=\"__youtube_prefs__  no-lazyload\" title=\"YouTube player\"  data-epytgalleryid=\"epyt_gallery_38417\"  allow=\"accelerometer; autoplay; clipboard-write; encrypted-media; gyroscope; picture-in-picture\" allowfullscreen data-no-lazy=\"1\" data-skipgform_ajax_framebjll=\"\"><\/iframe><\/div><div class=\"epyt-gallery-subscribe\"><a target=\"_blank\" class=\"epyt-gallery-subbutton\" href=\"https:\/\/www.youtube.com\/jollyjoker712?sub_confirmation=1\"><img decoding=\"async\" alt=\"subscribe\" src=\"https:\/\/i0.wp.com\/www.i-am-jollyjoker.com\/blog\/wp-content\/plugins\/youtube-embed-plus\/images\/play-subscribe.png?w=640&#038;ssl=1\" data-recalc-dims=\"1\" \/>Subscribe<\/a><\/div><div class=\"epyt-gallery-list\"><div class=\"epyt-pagination \"><div tabindex=\"0\" role=\"button\" class=\"epyt-pagebutton epyt-prev  hide \" data-playlistid=\"UUbYkAw4qCeVMcpXXRJdVxuQ\" data-pagesize=\"10\" data-pagetoken=\"\" data-epcolumns=\"2\" data-showtitle=\"1\" data-showpaging=\"1\" data-autonext=\"0\" data-thumbplay=\"1\"><div class=\"epyt-arrow\">&laquo;<\/div> <div>Prev<\/div><\/div><div class=\"epyt-pagenumbers \"><div class=\"epyt-current\">1<\/div><div class=\"epyt-pageseparator\"> \/ <\/div><div class=\"epyt-totalpages\">75<\/div><\/div><div tabindex=\"0\" role=\"button\" class=\"epyt-pagebutton epyt-next\" data-playlistid=\"UUbYkAw4qCeVMcpXXRJdVxuQ\" data-pagesize=\"10\" data-pagetoken=\"EAAaHlBUOkNBb2lFRFV4TmpRM05qRXlNRFEyTkRRNVF6TQ\" data-epcolumns=\"2\" data-showtitle=\"1\" data-showpaging=\"1\" data-autonext=\"0\" data-thumbplay=\"1\"><div>Next<\/div> <div class=\"epyt-arrow\">&raquo;<\/div><\/div><div class=\"epyt-loader\"><img decoding=\"async\" loading=\"lazy\" alt=\"loading\" width=\"16\" height=\"11\" src=\"https:\/\/i0.wp.com\/www.i-am-jollyjoker.com\/blog\/wp-content\/plugins\/youtube-embed-plus\/images\/gallery-page-loader.gif?resize=16%2C11&#038;ssl=1\" data-recalc-dims=\"1\"><\/div><\/div><div class=\"epyt-gallery-allthumbs  epyt-cols-2 \"><div tabindex=\"0\" role=\"button\" data-videoid=\"GsYkY1eHsTE\" class=\"epyt-gallery-thumb\"><div class=\"epyt-gallery-img-box\"><div class=\"epyt-gallery-img\" style=\"background-image: url(https:\/\/i.ytimg.com\/vi\/GsYkY1eHsTE\/hqdefault.jpg)\"><div class=\"epyt-gallery-playhover\"><img decoding=\"async\" loading=\"lazy\" alt=\"play\" class=\"epyt-play-img\" width=\"30\" height=\"23\" src=\"https:\/\/i0.wp.com\/www.i-am-jollyjoker.com\/blog\/wp-content\/plugins\/youtube-embed-plus\/images\/playhover.png?resize=30%2C23&#038;ssl=1\" data-no-lazy=\"1\" data-skipgform_ajax_framebjll=\"\" data-recalc-dims=\"1\" \/><div class=\"epyt-gallery-playcrutch\"><\/div><\/div><\/div><\/div><div class=\"epyt-gallery-title\">Ngh\u0129a trang Tr\u01b0\u1eddng S\u01a1n<\/div><\/div><div tabindex=\"0\" role=\"button\" data-videoid=\"TD9zVAZ1Pk8\" class=\"epyt-gallery-thumb\"><div class=\"epyt-gallery-img-box\"><div class=\"epyt-gallery-img\" style=\"background-image: url(https:\/\/i.ytimg.com\/vi\/TD9zVAZ1Pk8\/hqdefault.jpg)\"><div class=\"epyt-gallery-playhover\"><img decoding=\"async\" loading=\"lazy\" alt=\"play\" class=\"epyt-play-img\" width=\"30\" height=\"23\" src=\"https:\/\/i0.wp.com\/www.i-am-jollyjoker.com\/blog\/wp-content\/plugins\/youtube-embed-plus\/images\/playhover.png?resize=30%2C23&#038;ssl=1\" data-no-lazy=\"1\" data-skipgform_ajax_framebjll=\"\" data-recalc-dims=\"1\" \/><div class=\"epyt-gallery-playcrutch\"><\/div><\/div><\/div><\/div><div class=\"epyt-gallery-title\">\u0110i ngo\u1ea1i th\u00e0nh s\u1eafm \u0111\u00e0o qu\u1ea5t ng\u00e0y 27 gi\u00e1p t\u1ebft B\u00ednh Ng\u1ecd<\/div><\/div><div class=\"epyt-gallery-rowbreak\"><\/div><div tabindex=\"0\" role=\"button\" data-videoid=\"y-Ec0h0CvNc\" class=\"epyt-gallery-thumb\"><div class=\"epyt-gallery-img-box\"><div class=\"epyt-gallery-img\" style=\"background-image: url(https:\/\/i.ytimg.com\/vi\/y-Ec0h0CvNc\/hqdefault.jpg)\"><div class=\"epyt-gallery-playhover\"><img decoding=\"async\" loading=\"lazy\" alt=\"play\" class=\"epyt-play-img\" width=\"30\" height=\"23\" src=\"https:\/\/i0.wp.com\/www.i-am-jollyjoker.com\/blog\/wp-content\/plugins\/youtube-embed-plus\/images\/playhover.png?resize=30%2C23&#038;ssl=1\" data-no-lazy=\"1\" data-skipgform_ajax_framebjll=\"\" data-recalc-dims=\"1\" \/><div class=\"epyt-gallery-playcrutch\"><\/div><\/div><\/div><\/div><div class=\"epyt-gallery-title\">Qu\u1ea5t L\u00e2m th\u1eddi vang b\u00f3ng #gsxr #suzuki #gsxr600 #vietnam #biker #sea<\/div><\/div><div tabindex=\"0\" role=\"button\" data-videoid=\"Yo6mwhBviR8\" class=\"epyt-gallery-thumb\"><div class=\"epyt-gallery-img-box\"><div class=\"epyt-gallery-img\" style=\"background-image: url(https:\/\/i.ytimg.com\/vi\/Yo6mwhBviR8\/hqdefault.jpg)\"><div class=\"epyt-gallery-playhover\"><img decoding=\"async\" loading=\"lazy\" alt=\"play\" class=\"epyt-play-img\" width=\"30\" height=\"23\" src=\"https:\/\/i0.wp.com\/www.i-am-jollyjoker.com\/blog\/wp-content\/plugins\/youtube-embed-plus\/images\/playhover.png?resize=30%2C23&#038;ssl=1\" data-no-lazy=\"1\" data-skipgform_ajax_framebjll=\"\" data-recalc-dims=\"1\" \/><div class=\"epyt-gallery-playcrutch\"><\/div><\/div><\/div><\/div><div class=\"epyt-gallery-title\">Test ti\u1ebfng p\u00f4 c\u1ee7a ZX-6R #kawasaki #zx6r #hanoiknightsteam #kawasakininja #biker #vietnam #hanoi<\/div><\/div><div class=\"epyt-gallery-rowbreak\"><\/div><div tabindex=\"0\" role=\"button\" data-videoid=\"vVW6yupZB68\" class=\"epyt-gallery-thumb\"><div class=\"epyt-gallery-img-box\"><div class=\"epyt-gallery-img\" style=\"background-image: url(https:\/\/i.ytimg.com\/vi\/vVW6yupZB68\/hqdefault.jpg)\"><div class=\"epyt-gallery-playhover\"><img decoding=\"async\" loading=\"lazy\" alt=\"play\" class=\"epyt-play-img\" width=\"30\" height=\"23\" src=\"https:\/\/i0.wp.com\/www.i-am-jollyjoker.com\/blog\/wp-content\/plugins\/youtube-embed-plus\/images\/playhover.png?resize=30%2C23&#038;ssl=1\" data-no-lazy=\"1\" data-skipgform_ajax_framebjll=\"\" data-recalc-dims=\"1\" \/><div class=\"epyt-gallery-playcrutch\"><\/div><\/div><\/div><\/div><div class=\"epyt-gallery-title\">Tr\u1ef1c th\u0103ng bay qua nh\u00e0 lu\u00f4n #A80 #vietnam #quockhanh2025<\/div><\/div><div tabindex=\"0\" role=\"button\" data-videoid=\"Pbs_UuvhjAY\" class=\"epyt-gallery-thumb\"><div class=\"epyt-gallery-img-box\"><div class=\"epyt-gallery-img\" style=\"background-image: url(https:\/\/i.ytimg.com\/vi\/Pbs_UuvhjAY\/hqdefault.jpg)\"><div class=\"epyt-gallery-playhover\"><img decoding=\"async\" loading=\"lazy\" alt=\"play\" class=\"epyt-play-img\" width=\"30\" height=\"23\" src=\"https:\/\/i0.wp.com\/www.i-am-jollyjoker.com\/blog\/wp-content\/plugins\/youtube-embed-plus\/images\/playhover.png?resize=30%2C23&#038;ssl=1\" data-no-lazy=\"1\" data-skipgform_ajax_framebjll=\"\" data-recalc-dims=\"1\" \/><div class=\"epyt-gallery-playcrutch\"><\/div><\/div><\/div><\/div><div class=\"epyt-gallery-title\">Kajiki typhoon affects Hanoi #tintuc #weather #news #typhoon #flood<\/div><\/div><div class=\"epyt-gallery-rowbreak\"><\/div><div tabindex=\"0\" role=\"button\" data-videoid=\"R1hyP9M4itg\" class=\"epyt-gallery-thumb\"><div class=\"epyt-gallery-img-box\"><div class=\"epyt-gallery-img\" style=\"background-image: url(https:\/\/i.ytimg.com\/vi\/R1hyP9M4itg\/hqdefault.jpg)\"><div class=\"epyt-gallery-playhover\"><img decoding=\"async\" loading=\"lazy\" alt=\"play\" class=\"epyt-play-img\" width=\"30\" height=\"23\" src=\"https:\/\/i0.wp.com\/www.i-am-jollyjoker.com\/blog\/wp-content\/plugins\/youtube-embed-plus\/images\/playhover.png?resize=30%2C23&#038;ssl=1\" data-no-lazy=\"1\" data-skipgform_ajax_framebjll=\"\" data-recalc-dims=\"1\" \/><div class=\"epyt-gallery-playcrutch\"><\/div><\/div><\/div><\/div><div class=\"epyt-gallery-title\">Thunderstorm in Hanoi 4PM Saturday 19 July 2025<\/div><\/div><div tabindex=\"0\" role=\"button\" data-videoid=\"qbl6FEgys-0\" class=\"epyt-gallery-thumb\"><div class=\"epyt-gallery-img-box\"><div class=\"epyt-gallery-img\" style=\"background-image: url(https:\/\/i.ytimg.com\/vi\/qbl6FEgys-0\/hqdefault.jpg)\"><div class=\"epyt-gallery-playhover\"><img decoding=\"async\" loading=\"lazy\" alt=\"play\" class=\"epyt-play-img\" width=\"30\" height=\"23\" src=\"https:\/\/i0.wp.com\/www.i-am-jollyjoker.com\/blog\/wp-content\/plugins\/youtube-embed-plus\/images\/playhover.png?resize=30%2C23&#038;ssl=1\" data-no-lazy=\"1\" data-skipgform_ajax_framebjll=\"\" data-recalc-dims=\"1\" \/><div class=\"epyt-gallery-playcrutch\"><\/div><\/div><\/div><\/div><div class=\"epyt-gallery-title\">B\u00c1NH XE GI\u1ea4C M\u01a0 &#8211; M\u1ed8T TH\u1edcI R\u1ef0C R\u1ee0 &#8211; Rock Power Ballad<\/div><\/div><div class=\"epyt-gallery-rowbreak\"><\/div><div tabindex=\"0\" role=\"button\" data-videoid=\"ZU6dA_H3lPs\" class=\"epyt-gallery-thumb\"><div class=\"epyt-gallery-img-box\"><div class=\"epyt-gallery-img\" style=\"background-image: url(https:\/\/i.ytimg.com\/vi\/ZU6dA_H3lPs\/hqdefault.jpg)\"><div class=\"epyt-gallery-playhover\"><img decoding=\"async\" loading=\"lazy\" alt=\"play\" class=\"epyt-play-img\" width=\"30\" height=\"23\" src=\"https:\/\/i0.wp.com\/www.i-am-jollyjoker.com\/blog\/wp-content\/plugins\/youtube-embed-plus\/images\/playhover.png?resize=30%2C23&#038;ssl=1\" data-no-lazy=\"1\" data-skipgform_ajax_framebjll=\"\" data-recalc-dims=\"1\" \/><div class=\"epyt-gallery-playcrutch\"><\/div><\/div><\/div><\/div><div class=\"epyt-gallery-title\">Motovlog | H\u00e0 N\u1ed9i thi\u1ec7t h\u1ea1i sau c\u01a1n si\u00eau b\u00e3o s\u1ed1 3 Yagi<\/div><\/div><div tabindex=\"0\" role=\"button\" data-videoid=\"TK4uwIbjX7A\" class=\"epyt-gallery-thumb\"><div class=\"epyt-gallery-img-box\"><div class=\"epyt-gallery-img\" style=\"background-image: url(https:\/\/i.ytimg.com\/vi\/TK4uwIbjX7A\/hqdefault.jpg)\"><div class=\"epyt-gallery-playhover\"><img decoding=\"async\" loading=\"lazy\" alt=\"play\" class=\"epyt-play-img\" width=\"30\" height=\"23\" src=\"https:\/\/i0.wp.com\/www.i-am-jollyjoker.com\/blog\/wp-content\/plugins\/youtube-embed-plus\/images\/playhover.png?resize=30%2C23&#038;ssl=1\" data-no-lazy=\"1\" data-skipgform_ajax_framebjll=\"\" data-recalc-dims=\"1\" \/><div class=\"epyt-gallery-playcrutch\"><\/div><\/div><\/div><\/div><div class=\"epyt-gallery-title\">JOKERHELMETS | H\u01b0\u1edbng d\u1eabn c\u00e1ch g\u1eafn tai nghe bluetooth l\u00ean m\u0169 b\u1ea3o hi\u1ec3m th\u00e1o c\u1eb1m<\/div><\/div><div class=\"epyt-gallery-rowbreak\"><\/div><div class=\"epyt-gallery-clear\"><\/div><\/div><div class=\"epyt-pagination \"><div tabindex=\"0\" role=\"button\" class=\"epyt-pagebutton epyt-prev  hide \" data-playlistid=\"UUbYkAw4qCeVMcpXXRJdVxuQ\" data-pagesize=\"10\" data-pagetoken=\"\" data-epcolumns=\"2\" data-showtitle=\"1\" data-showpaging=\"1\" data-autonext=\"0\" data-thumbplay=\"1\"><div class=\"epyt-arrow\">&laquo;<\/div> <div>Prev<\/div><\/div><div class=\"epyt-pagenumbers \"><div class=\"epyt-current\">1<\/div><div class=\"epyt-pageseparator\"> \/ <\/div><div class=\"epyt-totalpages\">75<\/div><\/div><div tabindex=\"0\" role=\"button\" class=\"epyt-pagebutton epyt-next\" data-playlistid=\"UUbYkAw4qCeVMcpXXRJdVxuQ\" data-pagesize=\"10\" data-pagetoken=\"EAAaHlBUOkNBb2lFRFV4TmpRM05qRXlNRFEyTkRRNVF6TQ\" data-epcolumns=\"2\" data-showtitle=\"1\" data-showpaging=\"1\" data-autonext=\"0\" data-thumbplay=\"1\"><div>Next<\/div> <div class=\"epyt-arrow\">&raquo;<\/div><\/div><div class=\"epyt-loader\"><img decoding=\"async\" loading=\"lazy\" alt=\"loading\" width=\"16\" height=\"11\" src=\"https:\/\/i0.wp.com\/www.i-am-jollyjoker.com\/blog\/wp-content\/plugins\/youtube-embed-plus\/images\/gallery-page-loader.gif?resize=16%2C11&#038;ssl=1\" data-recalc-dims=\"1\"><\/div><\/div><\/div><\/div>","protected":false},"excerpt":{"rendered":"","protected":false},"author":1,"featured_media":0,"parent":0,"menu_order":0,"comment_status":"closed","ping_status":"closed","template":"","meta":{"jetpack_post_was_ever_published":false},"jetpack_sharing_enabled":true,"jetpack_shortlink":"https:\/\/wp.me\/P9Byeu-36","jetpack-related-posts":[],"_links":{"self":[{"href":"https:\/\/www.i-am-jollyjoker.com\/blog\/wp-json\/wp\/v2\/pages\/192"}],"collection":[{"href":"https:\/\/www.i-am-jollyjoker.com\/blog\/wp-json\/wp\/v2\/pages"}],"about":[{"href":"https:\/\/www.i-am-jollyjoker.com\/blog\/wp-json\/wp\/v2\/types\/page"}],"author":[{"embeddable":true,"href":"https:\/\/www.i-am-jollyjoker.com\/blog\/wp-json\/wp\/v2\/users\/1"}],"replies":[{"embeddable":true,"href":"https:\/\/www.i-am-jollyjoker.com\/blog\/wp-json\/wp\/v2\/comments?post=192"}],"version-history":[{"count":1,"href":"https:\/\/www.i-am-jollyjoker.com\/blog\/wp-json\/wp\/v2\/pages\/192\/revisions"}],"predecessor-version":[{"id":193,"href":"https:\/\/www.i-am-jollyjoker.com\/blog\/wp-json\/wp\/v2\/pages\/192\/revisions\/193"}],"wp:attachment":[{"href":"https:\/\/www.i-am-jollyjoker.com\/blog\/wp-json\/wp\/v2\/media?parent=192"}],"curies":[{"name":"wp","href":"https:\/\/api.w.org\/{rel}","templated":true}]}}